{"id":44,"date":"2020-10-11T12:57:04","date_gmt":"2020-10-11T15:57:04","guid":{"rendered":"http:\/\/www.colhistdeviajeros.edu.ar\/Site\/?page_id=44"},"modified":"2020-10-11T12:57:42","modified_gmt":"2020-10-11T15:57:42","slug":"primario","status":"publish","type":"page","link":"https:\/\/www.colhistdeviajeros.edu.ar\/Site\/primario\/","title":{"rendered":"Primario"},"content":{"rendered":"\n<p><strong>Sobre 2000 metros cuadrados de parque arbolado y 1000 metros cuadrados de parque de deportes.<\/strong><\/p>\n\n\n\n<h2 class=\"wp-block-heading\">Contamos con:<\/h2>\n\n\n\n<ul class=\"wp-block-list\"><li>Galer\u00eda cubierta<\/li><li>Calefacci\u00f3n en todas las aulas<\/li><li>Ventiladores en todas las aulas.<\/li><li>Aire acondicionado en las aulas superiores.<\/li><li>Agua Envasada para consumo<\/li><li>Campus Virtual<\/li><li>Medios audiovisuales: Proyector, pantalla, televisor, DVD<\/li><li>Biblioteca en cada aula<\/li><\/ul>\n\n\n\n<h2 class=\"wp-block-heading\">Ense\u00f1anza program\u00e1tica:<\/h2>\n\n\n\n<ul class=\"wp-block-list\"><li>2 Hs de educaci\u00f3n f\u00edsica<\/li><li>2 Hs de arte \/ Aula de arte<\/li><li>2 Hs de ingl\u00e9s a partir de 4\u00ba A\u00f1o<\/li><\/ul>\n\n\n\n<h2 class=\"wp-block-heading\">Opcional en contraturno: Ingl\u00e9s e Inform\u00e1tica<\/h2>\n\n\n\n<p>Se conformar\u00e1n&nbsp; grupos de 1ro y 2do ciclo de acuerdo a la demanda&nbsp; con un m\u00ednimo de 20 ni\u00f1os por ciclo \/ aula de inform\u00e1tica<\/p>\n","protected":false},"excerpt":{"rendered":"<p>Sobre 2000 metros cuadrados de parque arbolado y 1000 metros cuadrados de parque de deportes. Contamos con: Galer\u00eda cubierta Calefacci\u00f3n en todas las aulas Ventiladores en todas las aulas. Aire acondicionado en las aulas superiores. Agua Envasada para consumo Campus Virtual Medios audiovisuales: Proyector, pantalla, televisor, DVD Biblioteca en cada aula Ense\u00f1anza program\u00e1tica: 2 Hs [&hellip;]<\/p>\n","protected":false},"author":1,"featured_media":45,"parent":0,"menu_order":0,"comment_status":"closed","ping_status":"closed","template":"","meta":{"footnotes":""},"class_list":["post-44","page","type-page","status-publish","has-post-thumbnail","hentry"],"_links":{"self":[{"href":"https:\/\/www.colhistdeviajeros.edu.ar\/Site\/wp-json\/wp\/v2\/pages\/44","targetHints":{"allow":["GET"]}}],"collection":[{"href":"https:\/\/www.colhistdeviajeros.edu.ar\/Site\/wp-json\/wp\/v2\/pages"}],"about":[{"href":"https:\/\/www.colhistdeviajeros.edu.ar\/Site\/wp-json\/wp\/v2\/types\/page"}],"author":[{"embeddable":true,"href":"https:\/\/www.colhistdeviajeros.edu.ar\/Site\/wp-json\/wp\/v2\/users\/1"}],"replies":[{"embeddable":true,"href":"https:\/\/www.colhistdeviajeros.edu.ar\/Site\/wp-json\/wp\/v2\/comments?post=44"}],"version-history":[{"count":2,"href":"https:\/\/www.colhistdeviajeros.edu.ar\/Site\/wp-json\/wp\/v2\/pages\/44\/revisions"}],"predecessor-version":[{"id":47,"href":"https:\/\/www.colhistdeviajeros.edu.ar\/Site\/wp-json\/wp\/v2\/pages\/44\/revisions\/47"}],"wp:featuredmedia":[{"embeddable":true,"href":"https:\/\/www.colhistdeviajeros.edu.ar\/Site\/wp-json\/wp\/v2\/media\/45"}],"wp:attachment":[{"href":"https:\/\/www.colhistdeviajeros.edu.ar\/Site\/wp-json\/wp\/v2\/media?parent=44"}],"curies":[{"name":"wp","href":"https:\/\/api.w.org\/{rel}","templated":true}]}}