{"id":62,"date":"2020-10-11T22:10:43","date_gmt":"2020-10-12T01:10:43","guid":{"rendered":"http:\/\/www.colhistdeviajeros.edu.ar\/Site\/?page_id=62"},"modified":"2020-10-11T23:27:00","modified_gmt":"2020-10-12T02:27:00","slug":"conozcanos","status":"publish","type":"page","link":"https:\/\/www.colhistdeviajeros.edu.ar\/Site\/conozcanos\/","title":{"rendered":"Con\u00f3zcanos"},"content":{"rendered":"\n<p>Nuestra instituci\u00f3n comenz\u00f3 su funci\u00f3n el 1 de Marzo de 1986, con dos salas de Jard\u00edn de Infantes y el 1 de Marzo de 1990 se inaugur\u00f3 la Escuela primaria con 1\u00ba, 2\u00ba y 3er grado.&nbsp; Es una Escuela de gesti\u00f3n Privada incorporada a la ense\u00f1anza oficial, dependiendo de la DIPREGEP (Direcci\u00f3n Provincial de Educaci\u00f3n de Gesti\u00f3n Privada) bajo el N\u00ba 2792.<\/p>\n\n\n\n<p>Nuestro nombre, es el nombre de un barco de inmigrantes relacionado con la historia de la familia de los fundadores del Colegio y es un homenaje a todos aquellos extranjeros que con su trabajo ayudaron al engrandecimiento de nuestra Patria.<\/p>\n\n\n\n<p>Consideramos a la educaci\u00f3n art\u00edstica y el cuidado del medio ambiente como pilares fundamentales para la formaci\u00f3n de la personalidad;\u00a0 as\u00ed, el entorno natural\u00a0 y la est\u00e9tica de los lugares de trabajo,\u00a0 crean el ambiente propicio para desarrollar una tarea educativa de calidad.<\/p>\n","protected":false},"excerpt":{"rendered":"<p>Nuestra instituci\u00f3n comenz\u00f3 su funci\u00f3n el 1 de Marzo de 1986, con dos salas de Jard\u00edn de Infantes y el 1 de Marzo de 1990 se inaugur\u00f3 la Escuela primaria con 1\u00ba, 2\u00ba y 3er grado.&nbsp; Es una Escuela de gesti\u00f3n Privada incorporada a la ense\u00f1anza oficial, dependiendo de la DIPREGEP (Direcci\u00f3n Provincial de Educaci\u00f3n [&hellip;]<\/p>\n","protected":false},"author":1,"featured_media":0,"parent":0,"menu_order":0,"comment_status":"closed","ping_status":"closed","template":"","meta":{"footnotes":""},"class_list":["post-62","page","type-page","status-publish","hentry"],"_links":{"self":[{"href":"https:\/\/www.colhistdeviajeros.edu.ar\/Site\/wp-json\/wp\/v2\/pages\/62","targetHints":{"allow":["GET"]}}],"collection":[{"href":"https:\/\/www.colhistdeviajeros.edu.ar\/Site\/wp-json\/wp\/v2\/pages"}],"about":[{"href":"https:\/\/www.colhistdeviajeros.edu.ar\/Site\/wp-json\/wp\/v2\/types\/page"}],"author":[{"embeddable":true,"href":"https:\/\/www.colhistdeviajeros.edu.ar\/Site\/wp-json\/wp\/v2\/users\/1"}],"replies":[{"embeddable":true,"href":"https:\/\/www.colhistdeviajeros.edu.ar\/Site\/wp-json\/wp\/v2\/comments?post=62"}],"version-history":[{"count":2,"href":"https:\/\/www.colhistdeviajeros.edu.ar\/Site\/wp-json\/wp\/v2\/pages\/62\/revisions"}],"predecessor-version":[{"id":79,"href":"https:\/\/www.colhistdeviajeros.edu.ar\/Site\/wp-json\/wp\/v2\/pages\/62\/revisions\/79"}],"wp:attachment":[{"href":"https:\/\/www.colhistdeviajeros.edu.ar\/Site\/wp-json\/wp\/v2\/media?parent=62"}],"curies":[{"name":"wp","href":"https:\/\/api.w.org\/{rel}","templated":true}]}}